{"id":3513,"date":"2023-05-26T23:08:42","date_gmt":"2023-05-27T06:08:42","guid":{"rendered":"https:\/\/caboyogaandfitness.com\/?page_id=3513"},"modified":"2025-08-27T12:43:53","modified_gmt":"2025-08-27T19:43:53","slug":"body-work","status":"publish","type":"page","link":"https:\/\/caboyogaandfitness.com\/es\/body-work\/","title":{"rendered":"Trabajo Corporal"},"content":{"rendered":"<h1>\n<p>Trabajo Corporal<\/p>\n<\/h1>\n<h1>Masaje Thai Tradicional<\/h1>\n<div>\n<p align=\"justify\">Esta antigua forma de trabajo corporal combina acupresi\u00f3n, estiramientos y trabajo energ\u00e9tico para aliviar la tensi\u00f3n profunda y el estr\u00e9s muscular. El inmenso nivel de relajaci\u00f3n que se logra durante la sesi\u00f3n mejora el estado emocional y tambi\u00e9n se sabe que promueve un sue\u00f1o nocturno m\u00e1s profundo y reparador. A partir de las \u00e1reas de tu cuerpo y emociones en las que deseas trabajar, creo una sesi\u00f3n personalizada cada vez, sintiendo tu energ\u00eda y ajustando la presi\u00f3n.<\/p>\n<\/div>\n<p><a href=\"\/wp-content\/uploads\/2024\/08\/NUEVO-POSTER-THAI-11-x-17-in.pdf-scaled.webp\"><img decoding=\"async\" src=\"\/wp-content\/uploads\/2024\/08\/NUEVO-POSTER-THAI-11-x-17-in.pdf-scaled.webp\" alt=\"\"><\/a><\/p>\n<p>\n    <a href=\"mailto:caboyogafitness@gmail.com\">Reserva tu experiencia<\/a>\n<\/p>\n<p><!--more--><br \/>\n<!-- {\"type\":\"layout\",\"children\":[{\"type\":\"section\",\"props\":{\"header_transparent\":\"light\",\"image\":\"wp-content\\\/uploads\\\/2023\\\/03\\\/thai-2.jpeg\",\"image_effect\":\"fixed\",\"image_position\":\"bottom-center\",\"image_size\":\"cover\",\"media_overlay\":\"rgba(86, 84, 84, 0.01)\",\"overlap\":true,\"padding\":\"large\",\"style\":\"primary\",\"title_breakpoint\":\"xl\",\"title_position\":\"top-left\",\"title_rotation\":\"left\",\"vertical_align\":\"middle\",\"width\":\"default\"},\"children\":[{\"type\":\"row\",\"children\":[{\"type\":\"column\",\"props\":{\"image_position\":\"center-center\",\"media_overlay_gradient\":\"\",\"position_sticky_breakpoint\":\"m\"},\"children\":[{\"type\":\"headline\",\"props\":{\"content\":\"\n\n<p>Body Work<\\\/p>\",\"title_element\":\"h1\",\"title_style\":\"heading-xlarge\"}}]}]}],\"name\":\"BANNER\"},{\"type\":\"section\",\"props\":{\"image_position\":\"center-center\",\"style\":\"default\",\"title_breakpoint\":\"xl\",\"title_position\":\"top-left\",\"title_rotation\":\"left\",\"vertical_align\":\"middle\",\"width\":\"default\"},\"children\":[{\"type\":\"row\",\"children\":[{\"type\":\"column\",\"props\":{\"image_position\":\"center-center\",\"media_overlay_gradient\":\"\",\"position_sticky_breakpoint\":\"m\"},\"children\":[{\"type\":\"headline\",\"props\":{\"content\":\"Traditional Thai Massage\",\"title_element\":\"h1\"}},{\"type\":\"fragment\",\"children\":[{\"type\":\"row\",\"children\":[{\"type\":\"column\",\"props\":{\"image_position\":\"center-center\",\"media_overlay_gradient\":\"\",\"position_sticky_breakpoint\":\"m\"},\"children\":[{\"type\":\"text\",\"props\":{\"column_breakpoint\":\"m\",\"content\":\"\n\n<p align=\\\"justify\\\">This ancient form of bodywork combines acupressure, stretching and energy work to alleviate deep-seated tension and muscular stress. The immense relaxation level achieved during the session, improves the emotional state and it is also known to promote a deeper, more restorative night sleep. From the areas of your body and emotions that you want to work on, I create a tailored session every time, feeling your energy and adjusting pressure.<\\\/p>\",\"margin\":\"default\"}},{\"type\":\"image\",\"props\":{\"image\":\"wp-content\\\/uploads\\\/2024\\\/08\\\/NUEVO-POSTER-THAI-11-x-17-in.pdf-scaled.webp\",\"image_svg_color\":\"emphasis\",\"link\":\"wp-content\\\/uploads\\\/2024\\\/08\\\/NUEVO-POSTER-THAI-11-x-17-in.pdf-scaled.webp\",\"margin\":\"default\"}},{\"type\":\"button\",\"props\":{\"grid_column_gap\":\"small\",\"grid_row_gap\":\"small\",\"margin\":\"default\"},\"children\":[{\"type\":\"button_item\",\"props\":{\"button_style\":\"default\",\"content\":\"Book your experience\",\"icon_align\":\"left\",\"link\":\"mailto:caboyogafitness@gmail.com\"}}]}]}]}]}]}]}]}],\"version\":\"3.0.23\"} --><\/p>","protected":false},"excerpt":{"rendered":"<p>Body Work Traditional Thai Massage This ancient form of bodywork combines acupressure, stretching and energy work to alleviate deep-seated tension and muscular stress. The immense relaxation level achieved during the session, improves the emotional state and it is also known to promote a deeper, more restorative night sleep. From the areas of your body and [&hellip;]<\/p>","protected":false},"author":4,"featured_media":3462,"parent":0,"menu_order":0,"comment_status":"closed","ping_status":"closed","template":"","meta":{"footnotes":""},"class_list":["post-3513","page","type-page","status-publish","has-post-thumbnail","hentry"],"publishpress_future_action":{"enabled":false,"date":"2026-04-30 08:48:46","action":"change-status","newStatus":"draft","terms":[],"taxonomy":"","extraData":[]},"publishpress_future_workflow_manual_trigger":{"enabledWorkflows":[]},"_links":{"self":[{"href":"https:\/\/caboyogaandfitness.com\/es\/wp-json\/wp\/v2\/pages\/3513","targetHints":{"allow":["GET"]}}],"collection":[{"href":"https:\/\/caboyogaandfitness.com\/es\/wp-json\/wp\/v2\/pages"}],"about":[{"href":"https:\/\/caboyogaandfitness.com\/es\/wp-json\/wp\/v2\/types\/page"}],"author":[{"embeddable":true,"href":"https:\/\/caboyogaandfitness.com\/es\/wp-json\/wp\/v2\/users\/4"}],"replies":[{"embeddable":true,"href":"https:\/\/caboyogaandfitness.com\/es\/wp-json\/wp\/v2\/comments?post=3513"}],"version-history":[{"count":26,"href":"https:\/\/caboyogaandfitness.com\/es\/wp-json\/wp\/v2\/pages\/3513\/revisions"}],"predecessor-version":[{"id":5861,"href":"https:\/\/caboyogaandfitness.com\/es\/wp-json\/wp\/v2\/pages\/3513\/revisions\/5861"}],"wp:featuredmedia":[{"embeddable":true,"href":"https:\/\/caboyogaandfitness.com\/es\/wp-json\/wp\/v2\/media\/3462"}],"wp:attachment":[{"href":"https:\/\/caboyogaandfitness.com\/es\/wp-json\/wp\/v2\/media?parent=3513"}],"curies":[{"name":"wp","href":"https:\/\/api.w.org\/{rel}","templated":true}]}}