{"id":3387,"date":"2023-03-14T15:31:47","date_gmt":"2023-03-14T22:31:47","guid":{"rendered":"https:\/\/caboyogaandfitness.com\/?page_id=3387"},"modified":"2026-04-16T09:59:16","modified_gmt":"2026-04-16T16:59:16","slug":"full-moon-home-page","status":"publish","type":"page","link":"https:\/\/caboyogaandfitness.com\/es\/","title":{"rendered":"Inicio"},"content":{"rendered":"<div>Sobre nosotros<\/div>\n<h1>Bienvenidos a Cabo Yoga &amp; Fitness<\/h1>\n<div>\n<p align=\"justify\">Cabo Yoga and Fitness es m\u00e1s que simplemente un lugar para tomar una clase. Nuestra misi\u00f3n es hacer una diferencia positiva en la vida de las personas, en todos los niveles de Yoga y Fitness. Estamos creando un entorno seguro, enriquecedor y positivo para compartir la sabidur\u00eda del yoga, la meditaci\u00f3n, el fitness y el bienestar. Es un lugar donde las personas se re\u00fanen y se apoyan mutuamente en sus objetivos hacia un estilo de vida m\u00e1s saludable, para lidiar mejor con el estr\u00e9s y las dificultades de la vida.<\/p>\n<\/div>\n<div>Hacemos esto para ti<\/div>\n<h1>Nuestras clases<\/h1>\n<ul>\n<li>\n<h3>Meditaci\u00f3n<\/h3>\n<\/li>\n<li>\n<p>        <img decoding=\"async\" src=\"\/wp-content\/uploads\/2022\/02\/Gentle-Yoga.jpg\" alt=\"\"><\/p>\n<h3>Yoga<\/h3>\n<\/li>\n<li>\n<p>        <img decoding=\"async\" src=\"\/wp-content\/uploads\/2022\/02\/BARRE.jpg\" alt=\"\"><\/p>\n<h3>Barr\u0113<\/h3>\n<\/li>\n<li>\n<p>        <img decoding=\"async\" src=\"\/wp-content\/uploads\/2020\/11\/Fitness-Club-1024x1024-1.jpg\" alt=\"\"><\/p>\n<h3>Clases Fitness<\/h3>\n<\/li>\n<\/ul>\n<div>Sesiones de Luna Llena<\/div>\n<h1>\n<p>Sound Bowls<\/p>\n<p>y Gong<\/p>\n<\/h1>\n<h1><em>Pr\u00f3ximas fechas - Mantente conectado<\/em><\/h1>\n<ul>\n<li>\n        <a href=\"\/es\/therapeutic-crystal-sound-bowl\/\">LEE M\u00c1S<\/a>\n    <\/li>\n<li>\n        <a href=\"\/es\/sound-bowl-and-offerings\/\">Cuencos de sonido y Servicios<\/a>\n    <\/li>\n<li>\n        <a href=\"mailto:caboyogafitness@gmail.com\">RESERVA AHORA<\/a>\n    <\/li>\n<\/ul>\n<h1>Pr\u00f3ximos<\/h1>\n<h1>eventos<\/h1>\n<p><a href=\"\/es\/breath-and-sound\/\"><img decoding=\"async\" src=\"\/wp-content\/uploads\/2026\/03\/breathsound_opcoming-dates.jpg.webp\" alt=\"\"><\/a><br \/>\n<a href=\"\/es\/therapeutic-crystal-sound-bowl\/\"><img decoding=\"async\" src=\"\/wp-content\/uploads\/2026\/04\/APRIL17th_Sound-Bowl-Healing.avif\" alt=\"\"><\/a><br \/>\n<a href=\"\/es\/ashtanga-workshop\/\"><img decoding=\"async\" src=\"\/wp-content\/uploads\/2026\/04\/ashtangaworkshophome.avif\" alt=\"\"><\/a><\/p>\n<h2>Todas las clases mencionadas anteriormente pueden ser impartidas en el lugar que elijas y en el horario que te convenga.<\/h2>\n<div>Para m\u00e1s informaci\u00f3n visita<\/div>\n<p>\n    <a href=\"mailto:caboyogafitness@gmail.com\">Contacto <\/a>\n<\/p>\n<p><!--more--><br \/>\n<!-- {\"type\":\"layout\",\"children\":[{\"type\":\"section\",\"props\":{\"class\":\"uk-visible@s\",\"header_transparent\":\"light\",\"header_transparent_noplaceholder\":true,\"height\":\"percent\",\"image\":\"wp-content\\\/uploads\\\/2023\\\/08\\\/Home-Header_ago23.jpg\",\"image_effect\":\"fixed\",\"image_height\":\"auto\",\"image_loading\":false,\"image_position\":\"center-center\",\"image_size\":\"cover\",\"image_width\":\"auto\",\"media_overlay\":\"rgba(0, 0, 0, 0.14)\",\"overlap\":true,\"padding_remove_bottom\":true,\"padding_remove_top\":true,\"status\":\"\",\"style\":\"primary\",\"title_breakpoint\":\"xl\",\"title_position\":\"top-left\",\"title_rotation\":\"left\",\"vertical_align\":\"middle\",\"width\":\"default\"},\"children\":[{\"type\":\"row\",\"children\":[{\"type\":\"column\",\"props\":{\"image_position\":\"center-center\",\"media_overlay_gradient\":\"\",\"position_sticky_breakpoint\":\"m\",\"width_medium\":\"1-1\"},\"children\":[]}]}],\"name\":\"Banner\"},{\"type\":\"section\",\"props\":{\"image_position\":\"center-center\",\"style\":\"default\",\"title_breakpoint\":\"xl\",\"title_position\":\"top-left\",\"title_rotation\":\"left\",\"vertical_align\":\"middle\",\"width\":\"default\"},\"children\":[{\"type\":\"row\",\"children\":[{\"type\":\"column\",\"props\":{\"image_position\":\"center-center\",\"media_overlay_gradient\":\"\",\"position_sticky_breakpoint\":\"m\"},\"children\":[]}]}]},{\"type\":\"section\",\"props\":{\"image_position\":\"center-center\",\"padding\":\"large\",\"style\":\"muted\",\"title_breakpoint\":\"xl\",\"title_position\":\"top-left\",\"title_rotation\":\"left\",\"vertical_align\":\"middle\",\"width\":\"large\"},\"children\":[{\"type\":\"row\",\"props\":{\"layout\":\"1-2,1-2\"},\"children\":[{\"type\":\"column\",\"props\":{\"image_position\":\"center-center\",\"media_overlay_gradient\":\"\",\"position_sticky_breakpoint\":\"m\",\"vertical_align\":\"middle\",\"width_medium\":\"1-2\"},\"children\":[{\"type\":\"headline\",\"props\":{\"content\":\"A little about us\",\"margin\":\"small\",\"margin_remove_bottom\":false,\"title_element\":\"div\",\"title_font_family\":\"tertiary\",\"title_style\":\"h3\"}},{\"type\":\"headline\",\"props\":{\"content\":\"Welcome to Cabo Yoga &amp; Fitness\",\"margin_remove_top\":true,\"text_align\":\"left\",\"title_element\":\"h1\",\"title_style\":\"heading-small\"}}]},{\"type\":\"column\",\"props\":{\"image_position\":\"center-center\",\"media_overlay_gradient\":\"\",\"position_sticky_breakpoint\":\"m\",\"vertical_align\":\"middle\",\"width_medium\":\"1-2\"},\"children\":[{\"type\":\"text\",\"props\":{\"column_breakpoint\":\"m\",\"content\":\"\n\n<p align=\\\"justify\\\">Cabo Yoga and Fitness is more than just a place to take a class. Our mission is to make a positive difference in the people\\u2019s lives for all levels of Yoga and Fitness. We are creating a safe, nurturing, positive environment to share the wisdom of yoga, meditation, fitness and wellness. It\\u2019s a place where people come together and support one another in their goals towards a healthier lifestyle to help cope better with the stresses and difficulties of life.<\\\/p>\",\"margin\":\"default\",\"text_style\":\"large\"}}]}]}]},{\"type\":\"section\",\"props\":{\"image_position\":\"center-center\",\"status\":\"\",\"style\":\"default\",\"title_breakpoint\":\"xl\",\"title_position\":\"top-left\",\"title_rotation\":\"left\",\"vertical_align\":\"middle\",\"width\":\"large\"},\"children\":[{\"type\":\"row\",\"children\":[{\"type\":\"column\",\"props\":{\"image_position\":\"center-center\",\"media_overlay_gradient\":\"\",\"position_sticky_breakpoint\":\"m\",\"width_medium\":\"1-1\"},\"children\":[{\"type\":\"headline\",\"props\":{\"content\":\"We do this for you\",\"margin\":\"small\",\"margin_remove_bottom\":true,\"text_align\":\"center\",\"title_element\":\"div\",\"title_font_family\":\"tertiary\",\"title_style\":\"h3\"}},{\"type\":\"headline\",\"props\":{\"content\":\"Our Classes\",\"margin_remove_top\":true,\"text_align\":\"center\",\"title_element\":\"h1\",\"title_style\":\"heading-small\"}},{\"type\":\"gallery\",\"props\":{\"css\":\".el-image{-webkit-filter: grayscale(50%);\\n    filter: grayscale(50%);}\\n\\n.uk-overlay-primary{background:#8e7cc3;}\",\"filter_align\":\"left\",\"filter_all\":true,\"filter_grid_breakpoint\":\"m\",\"filter_grid_width\":\"auto\",\"filter_position\":\"top\",\"filter_style\":\"tab\",\"grid_default\":\"1\",\"grid_medium\":\"3\",\"grid_small\":\"2\",\"image_box_decoration\":\"primary\",\"image_box_decoration_inverse\":true,\"image_hover_box_shadow\":\"medium\",\"image_transition\":\"scale-up\",\"item_animation\":true,\"link_style\":\"default\",\"link_text\":\"\",\"margin\":\"default\",\"meta_align\":\"below-title\",\"meta_element\":\"div\",\"meta_style\":\"text-meta\",\"overlay_hover\":false,\"overlay_link\":true,\"overlay_mode\":\"caption\",\"overlay_padding\":\"small\",\"overlay_position\":\"bottom-center\",\"overlay_style\":\"overlay-primary\",\"overlay_transition\":\"fade\",\"overlay_transition_background\":true,\"parallax_easing\":\"1\",\"show_content\":true,\"show_hover_image\":true,\"show_link\":true,\"show_meta\":true,\"show_title\":true,\"text_align\":\"center\",\"text_color\":\"light\",\"text_color_hover\":true,\"title_element\":\"h3\",\"title_hover_style\":\"reset\"},\"children\":[{\"type\":\"gallery_item\",\"props\":{\"image\":\"\",\"link\":\"\",\"title\":\"Meditation\"}},{\"type\":\"gallery_item\",\"props\":{\"image\":\"wp-content\\\/uploads\\\/2019\\\/08\\\/Karma-Class-2.jpg\",\"status\":\"disabled\",\"title\":\"Meditation\"}},{\"type\":\"gallery_item\",\"props\":{\"image\":\"wp-content\\\/uploads\\\/2022\\\/02\\\/FIT-TO-THE-CORE.jpg\",\"status\":\"disabled\",\"title\":\"Boot Camp\"}},{\"type\":\"gallery_item\",\"props\":{\"image\":\"wp-content\\\/uploads\\\/2022\\\/02\\\/Gentle-Yoga.jpg\",\"title\":\"Yoga\"}},{\"type\":\"gallery_item\",\"props\":{\"image\":\"wp-content\\\/uploads\\\/2022\\\/02\\\/BARRE.jpg\",\"title\":\"Barr\\u0113\"}},{\"type\":\"gallery_item\",\"props\":{\"image\":\"wp-content\\\/uploads\\\/2019\\\/09\\\/MAT-Pilates.jpg\",\"status\":\"disabled\",\"title\":\"Mat Pilates\"}},{\"type\":\"gallery_item\",\"props\":{\"image\":\"wp-content\\\/uploads\\\/2020\\\/11\\\/Fitness-Club-1024x1024-1.jpg\",\"title\":\"Fitness Classes\"}}]}]}]}],\"name\":\"classes grid\"},{\"type\":\"section\",\"props\":{\"image\":\"\",\"image_position\":\"center-left\",\"image_size\":\"cover\",\"padding\":\"large\",\"padding_remove_bottom\":true,\"status\":\"\",\"style\":\"default\",\"title\":\"\",\"title_breakpoint\":\"l\",\"title_position\":\"center-right\",\"title_rotation\":\"left\",\"vertical_align\":\"middle\",\"width\":\"\",\"width_expand\":\"left\"},\"children\":[{\"type\":\"row\",\"children\":[{\"type\":\"column\",\"props\":{\"image\":\"wp-content\\\/uploads\\\/2025\\\/01\\\/erinhealing-scaled.webp\",\"image_effect\":\"parallax\",\"image_parallax_bgy\":\"0,6vw\",\"image_parallax_easing\":\"1\",\"image_position\":\"center-center\",\"image_size\":\"cover\",\"media_overlay\":\"rgba(142, 124, 195, 0.51)\",\"media_overlay_gradient\":\"\",\"position_sticky_breakpoint\":\"m\",\"text_color\":\"light\",\"width_medium\":\"\"},\"children\":[{\"type\":\"headline\",\"props\":{\"content\":\"Full Moon Session\",\"text_align\":\"center\",\"title_element\":\"div\",\"title_font_family\":\"tertiary\",\"title_style\":\"h3\"}},{\"type\":\"headline\",\"props\":{\"content\":\"\n\n<p>Sound Bowls<\\\/p>\\n\n\n<p>&amp; Gong<\\\/p>\",\"text_align\":\"center\",\"title_element\":\"h1\",\"title_style\":\"heading-large\"}},{\"type\":\"headline\",\"props\":{\"content\":\"<em>Upcoming dates - Stay tuned<\\\/em>\",\"text_align\":\"center\",\"title_decoration\":\"divider\",\"title_element\":\"h1\",\"title_font_family\":\"secondary\",\"title_style\":\"h1\"}},{\"type\":\"button\",\"props\":{\"button_size\":\"large\",\"grid_column_gap\":\"small\",\"grid_row_gap\":\"small\",\"margin\":\"default\",\"text_align\":\"center\"},\"children\":[{\"type\":\"button_item\",\"props\":{\"button_style\":\"default\",\"content\":\"READ MORE\",\"icon_align\":\"left\",\"link\":\"therapeutic-crystal-sound-bowl\\\/\"}},{\"type\":\"button_item\",\"props\":{\"button_style\":\"default\",\"content\":\"Sound Bowl and Offerings\",\"icon_align\":\"left\",\"link\":\"sound-bowl-and-offerings\\\/\"}},{\"type\":\"button_item\",\"props\":{\"button_style\":\"default\",\"content\":\"BOOK NOW\",\"icon_align\":\"left\",\"link\":\"mailto:caboyogafitness@gmail.com\"}}]}]}]}],\"name\":\"Sound Healing\"},{\"type\":\"section\",\"props\":{\"image\":\"\",\"image_height\":\"750\",\"image_position\":\"top-center\",\"image_width\":\"750\",\"media_visibility\":\"s\",\"overlap\":false,\"padding_remove_bottom\":false,\"padding_remove_top\":false,\"status\":\"\",\"sticky\":\"\",\"style\":\"secondary\",\"title_breakpoint\":\"xl\",\"title_position\":\"top-left\",\"title_rotation\":\"left\",\"vertical_align\":\"middle\",\"width\":\"large\"},\"children\":[{\"type\":\"row\",\"children\":[{\"type\":\"column\",\"props\":{\"image_position\":\"center-center\",\"media_overlay_gradient\":\"\",\"position_sticky_breakpoint\":\"m\",\"width_medium\":\"1-4\",\"width_small\":\"1-2\"},\"children\":[{\"type\":\"headline\",\"props\":{\"content\":\"Upcoming\",\"margin_remove_bottom\":true,\"title_element\":\"h1\",\"title_font_family\":\"tertiary\",\"title_style\":\"h2\"}},{\"type\":\"headline\",\"props\":{\"content\":\"events\",\"margin_remove_top\":true,\"title_element\":\"h1\"}}]},{\"type\":\"column\",\"props\":{\"image_position\":\"center-center\",\"media_overlay_gradient\":\"\",\"position_sticky_breakpoint\":\"m\",\"width_medium\":\"1-4\",\"width_small\":\"1-2\"},\"children\":[{\"type\":\"image\",\"props\":{\"image\":\"wp-content\\\/uploads\\\/2026\\\/03\\\/breathsound_opcoming-dates.jpg.webp\",\"image_svg_color\":\"emphasis\",\"link\":\"breath-and-sound\\\/\",\"margin\":\"default\"}}]},{\"type\":\"column\",\"props\":{\"image_position\":\"center-center\",\"media_overlay_gradient\":\"\",\"position_sticky_breakpoint\":\"m\",\"width_medium\":\"1-4\",\"width_small\":\"1-2\"},\"children\":[{\"type\":\"image\",\"props\":{\"image\":\"wp-content\\\/uploads\\\/2026\\\/04\\\/APRIL17th_Sound-Bowl-Healing.avif\",\"image_svg_color\":\"emphasis\",\"link\":\"therapeutic-crystal-sound-bowl\\\/\",\"margin\":\"default\"}}]},{\"type\":\"column\",\"props\":{\"image_position\":\"center-center\",\"media_overlay_gradient\":\"\",\"position_sticky_breakpoint\":\"m\",\"width_medium\":\"1-4\",\"width_small\":\"1-2\"},\"children\":[{\"type\":\"image\",\"props\":{\"image\":\"wp-content\\\/uploads\\\/2026\\\/04\\\/ashtangaworkshophome.avif\",\"image_svg_color\":\"emphasis\",\"link\":\"ashtanga-workshop\\\/\",\"margin\":\"default\"}}]}],\"props\":{\"layout\":\"1-4,1-4,1-4,1-4|1-2,1-2,1-2,1-2\"}}],\"name\":\"News and updates\"},{\"type\":\"section\",\"props\":{\"image\":\"\",\"image_position\":\"center-left\",\"image_size\":\"cover\",\"padding\":\"large\",\"padding_remove_bottom\":true,\"padding_remove_top\":true,\"status\":\"\",\"style\":\"default\",\"title\":\"\",\"title_breakpoint\":\"l\",\"title_position\":\"center-right\",\"title_rotation\":\"left\",\"vertical_align\":\"middle\",\"width\":\"\",\"width_expand\":\"left\"},\"children\":[{\"type\":\"row\",\"children\":[{\"type\":\"column\",\"props\":{\"image\":\"wp-content\\\/uploads\\\/2021\\\/03\\\/Cabo-Yoga-Fitness-Main-3.jpg\",\"image_effect\":\"parallax\",\"image_parallax_bgy\":\"0,6vw\",\"image_parallax_easing\":\"1\",\"image_position\":\"center-center\",\"image_size\":\"cover\",\"media_overlay\":\"rgba(142, 124, 195, 0.51)\",\"media_overlay_gradient\":\"\",\"position_sticky_breakpoint\":\"m\",\"text_color\":\"light\",\"width_medium\":\"\"},\"children\":[{\"type\":\"headline\",\"props\":{\"block_align\":\"center\",\"content\":\"All Classes listed above can be facilitated on location at your convenience.\",\"margin\":\"default\",\"margin_remove_bottom\":false,\"margin_remove_top\":false,\"maxwidth\":\"2xlarge\",\"text_align\":\"center\",\"title_element\":\"h2\",\"title_style\":\"heading-small\"}},{\"type\":\"headline\",\"props\":{\"content\":\"For more information go to\",\"margin\":\"small\",\"text_align\":\"center\",\"title_element\":\"div\",\"title_font_family\":\"tertiary\",\"title_style\":\"h3\"}},{\"type\":\"button\",\"props\":{\"button_size\":\"large\",\"grid_column_gap\":\"small\",\"grid_row_gap\":\"small\",\"margin\":\"default\",\"text_align\":\"center\"},\"children\":[{\"type\":\"button_item\",\"props\":{\"button_style\":\"default\",\"content\":\"Contact \",\"icon_align\":\"left\",\"link\":\"mailto:caboyogafitness@gmail.com\"}}]}]}]}],\"name\":\"Call To Action\"}],\"version\":\"3.0.23\"} --><\/p>","protected":false},"excerpt":{"rendered":"<p>A little about us Welcome to Cabo Yoga &amp; Fitness Cabo Yoga and Fitness is more than just a place to take a class. Our mission is to make a positive difference in the people\u2019s lives for all levels of Yoga and Fitness. We are creating a safe, nurturing, positive environment to share the wisdom [&hellip;]<\/p>","protected":false},"author":4,"featured_media":2318,"parent":0,"menu_order":0,"comment_status":"closed","ping_status":"closed","template":"","meta":{"footnotes":""},"class_list":["post-3387","page","type-page","status-publish","has-post-thumbnail","hentry"],"publishpress_future_action":{"enabled":false,"date":"2026-04-30 06:58:55","action":"change-status","newStatus":"draft","terms":[],"taxonomy":"","extraData":[]},"publishpress_future_workflow_manual_trigger":{"enabledWorkflows":[]},"_links":{"self":[{"href":"https:\/\/caboyogaandfitness.com\/es\/wp-json\/wp\/v2\/pages\/3387","targetHints":{"allow":["GET"]}}],"collection":[{"href":"https:\/\/caboyogaandfitness.com\/es\/wp-json\/wp\/v2\/pages"}],"about":[{"href":"https:\/\/caboyogaandfitness.com\/es\/wp-json\/wp\/v2\/types\/page"}],"author":[{"embeddable":true,"href":"https:\/\/caboyogaandfitness.com\/es\/wp-json\/wp\/v2\/users\/4"}],"replies":[{"embeddable":true,"href":"https:\/\/caboyogaandfitness.com\/es\/wp-json\/wp\/v2\/comments?post=3387"}],"version-history":[{"count":202,"href":"https:\/\/caboyogaandfitness.com\/es\/wp-json\/wp\/v2\/pages\/3387\/revisions"}],"predecessor-version":[{"id":6311,"href":"https:\/\/caboyogaandfitness.com\/es\/wp-json\/wp\/v2\/pages\/3387\/revisions\/6311"}],"wp:featuredmedia":[{"embeddable":true,"href":"https:\/\/caboyogaandfitness.com\/es\/wp-json\/wp\/v2\/media\/2318"}],"wp:attachment":[{"href":"https:\/\/caboyogaandfitness.com\/es\/wp-json\/wp\/v2\/media?parent=3387"}],"curies":[{"name":"wp","href":"https:\/\/api.w.org\/{rel}","templated":true}]}}